{"id":204,"date":"2025-10-05T17:47:16","date_gmt":"2025-10-05T17:47:16","guid":{"rendered":"https:\/\/lachoraletroubadours.fr\/index.php\/home\/"},"modified":"2025-10-08T17:26:06","modified_gmt":"2025-10-08T17:26:06","slug":"home","status":"publish","type":"page","link":"https:\/\/lachoraletroubadours.fr\/","title":{"rendered":"Home"},"content":{"rendered":"\t\t<div data-elementor-type=\"wp-page\" data-elementor-id=\"204\" class=\"elementor elementor-204\">\n\t\t\t\t<div class=\"elementor-element elementor-element-2682e1a8 e-flex e-con-boxed wpr-particle-no wpr-jarallax-no wpr-parallax-no wpr-sticky-section-no e-con e-parent\" data-id=\"2682e1a8\" data-element_type=\"container\">\n\t\t\t\t\t<div class=\"e-con-inner\">\n\t\t\t\t<div class=\"elementor-element elementor-element-73fa7e40 elementor-widget elementor-widget-heading\" data-id=\"73fa7e40\" data-element_type=\"widget\" data-widget_type=\"heading.default\">\n\t\t\t\t\t<h1 class=\"elementor-heading-title elementor-size-default\">All-Natural &amp; Fresh Pressed Juices<\/h1>\t\t\t\t<\/div>\n\t\t\t\t<div class=\"elementor-element elementor-element-7b2135d7 elementor-widget elementor-widget-image\" data-id=\"7b2135d7\" data-element_type=\"widget\" data-widget_type=\"image.default\">\n\t\t\t\t\t\t\t\t\t\t\t\t\t\t\t<img fetchpriority=\"high\" decoding=\"async\" width=\"1600\" height=\"624\" src=\"https:\/\/lachoraletroubadours.fr\/wp-content\/uploads\/2025\/09\/0b531da6-a65c-49c0-8ff1-641161394c7a.jpeg\" class=\"attachment-full size-full wp-image-70\" alt=\"\" srcset=\"https:\/\/lachoraletroubadours.fr\/wp-content\/uploads\/2025\/09\/0b531da6-a65c-49c0-8ff1-641161394c7a.jpeg 1600w, https:\/\/lachoraletroubadours.fr\/wp-content\/uploads\/2025\/09\/0b531da6-a65c-49c0-8ff1-641161394c7a-300x117.jpeg 300w, https:\/\/lachoraletroubadours.fr\/wp-content\/uploads\/2025\/09\/0b531da6-a65c-49c0-8ff1-641161394c7a-1024x399.jpeg 1024w, https:\/\/lachoraletroubadours.fr\/wp-content\/uploads\/2025\/09\/0b531da6-a65c-49c0-8ff1-641161394c7a-768x300.jpeg 768w, https:\/\/lachoraletroubadours.fr\/wp-content\/uploads\/2025\/09\/0b531da6-a65c-49c0-8ff1-641161394c7a-1536x599.jpeg 1536w\" sizes=\"100vw\" \/>\t\t\t\t\t\t\t\t\t\t\t\t\t\t\t<\/div>\n\t\t\t\t<div class=\"elementor-element elementor-element-58f8823f elementor-align-center elementor-invisible elementor-widget elementor-widget-button\" data-id=\"58f8823f\" data-element_type=\"widget\" data-settings=\"{&quot;_animation&quot;:&quot;pulse&quot;}\" data-widget_type=\"button.default\">\n\t\t\t\t\t\t\t\t\t\t<a class=\"elementor-button elementor-button-link elementor-size-sm elementor-animation-float\" href=\"https:\/\/library.elementor.com\/juice-bar-flexbox\/menu\/\">\n\t\t\t\t\t\t<span class=\"elementor-button-content-wrapper\">\n\t\t\t\t\t\t\t\t\t<span class=\"elementor-button-text\">DISCOVER OUR MENU<\/span>\n\t\t\t\t\t<\/span>\n\t\t\t\t\t<\/a>\n\t\t\t\t\t\t\t\t<\/div>\n\t\t\t\t\t<\/div>\n\t\t\t\t<\/div>\n\t\t<div class=\"elementor-element elementor-element-2480ba6c e-con-full e-flex wpr-particle-no wpr-jarallax-no wpr-parallax-no wpr-sticky-section-no e-con e-parent\" data-id=\"2480ba6c\" data-element_type=\"container\" data-settings=\"{&quot;background_background&quot;:&quot;classic&quot;}\">\n\t\t<div class=\"elementor-element elementor-element-175a7998 e-con-full e-flex wpr-particle-no wpr-jarallax-no wpr-parallax-no wpr-sticky-section-no e-con e-child\" data-id=\"175a7998\" data-element_type=\"container\" data-settings=\"{&quot;background_background&quot;:&quot;classic&quot;}\">\n\t\t\t\t<div class=\"elementor-element elementor-element-6366a16d elementor-widget elementor-widget-heading\" data-id=\"6366a16d\" data-element_type=\"widget\" data-widget_type=\"heading.default\">\n\t\t\t\t\t<h2 class=\"elementor-heading-title elementor-size-default\">\u201cChanter est toujours un acte joyeux.\u201d (J. Higelin, 2007)<\/h2>\t\t\t\t<\/div>\n\t\t\t\t<div class=\"elementor-element elementor-element-53af07a7 elementor-widget elementor-widget-heading\" data-id=\"53af07a7\" data-element_type=\"widget\" data-widget_type=\"heading.default\">\n\t\t\t\t\t<h4 class=\"elementor-heading-title elementor-size-default\">- La chorale Troubadours -<\/h4>\t\t\t\t<\/div>\n\t\t\t\t<\/div>\n\t\t\t\t<\/div>\n\t\t<div class=\"elementor-element elementor-element-453ac95e e-con-full e-flex wpr-particle-no wpr-jarallax-no wpr-parallax-no wpr-sticky-section-no e-con e-parent\" data-id=\"453ac95e\" data-element_type=\"container\" data-settings=\"{&quot;background_background&quot;:&quot;classic&quot;}\">\n\t\t<div class=\"elementor-element elementor-element-30bbc17a animated-slow e-con-full e-flex wpr-particle-no wpr-jarallax-no wpr-parallax-no wpr-sticky-section-no elementor-invisible e-con e-child\" data-id=\"30bbc17a\" data-element_type=\"container\" data-settings=\"{&quot;animation&quot;:&quot;slideInRight&quot;}\">\n\t\t\t\t<div class=\"elementor-element elementor-element-4daec7df elementor-widget elementor-widget-image\" data-id=\"4daec7df\" data-element_type=\"widget\" data-widget_type=\"image.default\">\n\t\t\t\t\t\t\t\t\t\t\t\t\t\t\t<img decoding=\"async\" width=\"1200\" height=\"1600\" src=\"https:\/\/lachoraletroubadours.fr\/wp-content\/uploads\/2025\/09\/0e90268f-8295-4b86-af29-3eb3947ae6a4.jpeg\" class=\"elementor-animation-float attachment-full size-full wp-image-120\" alt=\"\" srcset=\"https:\/\/lachoraletroubadours.fr\/wp-content\/uploads\/2025\/09\/0e90268f-8295-4b86-af29-3eb3947ae6a4.jpeg 1200w, https:\/\/lachoraletroubadours.fr\/wp-content\/uploads\/2025\/09\/0e90268f-8295-4b86-af29-3eb3947ae6a4-225x300.jpeg 225w, https:\/\/lachoraletroubadours.fr\/wp-content\/uploads\/2025\/09\/0e90268f-8295-4b86-af29-3eb3947ae6a4-768x1024.jpeg 768w, https:\/\/lachoraletroubadours.fr\/wp-content\/uploads\/2025\/09\/0e90268f-8295-4b86-af29-3eb3947ae6a4-1152x1536.jpeg 1152w\" sizes=\"100vw\" \/>\t\t\t\t\t\t\t\t\t\t\t\t\t\t\t<\/div>\n\t\t\t\t<div class=\"elementor-element elementor-element-7a6c47bf elementor-widget elementor-widget-heading\" data-id=\"7a6c47bf\" data-element_type=\"widget\" data-widget_type=\"heading.default\">\n\t\t\t\t\t<h3 class=\"elementor-heading-title elementor-size-default\">Musique<\/h3>\t\t\t\t<\/div>\n\t\t\t\t<div class=\"elementor-element elementor-element-53f9a85a elementor-align-center elementor-widget elementor-widget-button\" data-id=\"53f9a85a\" data-element_type=\"widget\" data-widget_type=\"button.default\">\n\t\t\t\t\t\t\t\t\t\t<a class=\"elementor-button elementor-button-link elementor-size-sm elementor-animation-float\" href=\"https:\/\/lachoraletroubadours.fr\/index.php\/video\/\">\n\t\t\t\t\t\t<span class=\"elementor-button-content-wrapper\">\n\t\t\t\t\t\t\t\t\t<span class=\"elementor-button-text\">QUELQUES VID\u00c9OS<\/span>\n\t\t\t\t\t<\/span>\n\t\t\t\t\t<\/a>\n\t\t\t\t\t\t\t\t<\/div>\n\t\t\t\t<div class=\"elementor-element elementor-element-42342bcd elementor-widget elementor-widget-text-editor\" data-id=\"42342bcd\" data-element_type=\"widget\" data-widget_type=\"text-editor.default\">\n\t\t\t\t\t\t\t\t\t<p>Notre chef de choeur est Marco Bourgeois, pianiste de formation classique&#8230; en savoir plus sur Marco,<a href=\"https:\/\/www.sudouest.fr\/gironde\/sainte-eulalie\/marco-et-son-armee-de-fideles-choristes-7976218.php\" target=\"_blank\" rel=\"noopener\"><strong> ici<\/strong> <\/a>ou <strong><a href=\"https:\/\/troubadours-aquitaine.fr\/profs\" target=\"_blank\" rel=\"noopener\">l\u00e0<\/a> <\/strong>!<\/p>\t\t\t\t\t\t\t\t<\/div>\n\t\t\t\t<\/div>\n\t\t<div class=\"elementor-element elementor-element-106258f6 e-con-full e-flex wpr-particle-no wpr-jarallax-no wpr-parallax-no wpr-sticky-section-no e-con e-child\" data-id=\"106258f6\" data-element_type=\"container\">\n\t\t\t\t<div class=\"elementor-element elementor-element-9684a38 elementor-widget elementor-widget-image\" data-id=\"9684a38\" data-element_type=\"widget\" data-widget_type=\"image.default\">\n\t\t\t\t\t\t\t\t\t\t\t\t\t\t\t<img decoding=\"async\" width=\"1600\" height=\"624\" src=\"https:\/\/lachoraletroubadours.fr\/wp-content\/uploads\/2025\/09\/0b531da6-a65c-49c0-8ff1-641161394c7a-1.jpeg\" class=\"elementor-animation-float attachment-full size-full wp-image-114\" alt=\"\" srcset=\"https:\/\/lachoraletroubadours.fr\/wp-content\/uploads\/2025\/09\/0b531da6-a65c-49c0-8ff1-641161394c7a-1.jpeg 1600w, https:\/\/lachoraletroubadours.fr\/wp-content\/uploads\/2025\/09\/0b531da6-a65c-49c0-8ff1-641161394c7a-1-300x117.jpeg 300w, https:\/\/lachoraletroubadours.fr\/wp-content\/uploads\/2025\/09\/0b531da6-a65c-49c0-8ff1-641161394c7a-1-1024x399.jpeg 1024w, https:\/\/lachoraletroubadours.fr\/wp-content\/uploads\/2025\/09\/0b531da6-a65c-49c0-8ff1-641161394c7a-1-768x300.jpeg 768w, https:\/\/lachoraletroubadours.fr\/wp-content\/uploads\/2025\/09\/0b531da6-a65c-49c0-8ff1-641161394c7a-1-1536x599.jpeg 1536w\" sizes=\"100vw\" \/>\t\t\t\t\t\t\t\t\t\t\t\t\t\t\t<\/div>\n\t\t\t\t<div class=\"elementor-element elementor-element-6d19f033 elementor-widget elementor-widget-heading\" data-id=\"6d19f033\" data-element_type=\"widget\" data-widget_type=\"heading.default\">\n\t\t\t\t\t<h3 class=\"elementor-heading-title elementor-size-default\">Chants<\/h3>\t\t\t\t<\/div>\n\t\t\t\t<div class=\"elementor-element elementor-element-780eef0 elementor-widget elementor-widget-text-editor\" data-id=\"780eef0\" data-element_type=\"widget\" data-widget_type=\"text-editor.default\">\n\t\t\t\t\t\t\t\t\t<p>Vous trouverez tous les renseignements sur le site de <a href=\"https:\/\/troubadours-aquitaine.fr\">l&#8217;association <\/a><\/p>\t\t\t\t\t\t\t\t<\/div>\n\t\t\t\t<div class=\"elementor-element elementor-element-42dabc4c elementor-align-center elementor-widget elementor-widget-button\" data-id=\"42dabc4c\" data-element_type=\"widget\" data-widget_type=\"button.default\">\n\t\t\t\t\t\t\t\t\t\t<a class=\"elementor-button elementor-button-link elementor-size-sm elementor-animation-float\" href=\"https:\/\/troubadours-aquitaine.fr\" target=\"_blank\">\n\t\t\t\t\t\t<span class=\"elementor-button-content-wrapper\">\n\t\t\t\t\t\t\t\t\t<span class=\"elementor-button-text\">RENSEIGNEMENTS<\/span>\n\t\t\t\t\t<\/span>\n\t\t\t\t\t<\/a>\n\t\t\t\t\t\t\t\t<\/div>\n\t\t\t\t<\/div>\n\t\t<div class=\"elementor-element elementor-element-703eba69 animated-slow e-con-full e-flex wpr-particle-no wpr-jarallax-no wpr-parallax-no wpr-sticky-section-no elementor-invisible e-con e-child\" data-id=\"703eba69\" data-element_type=\"container\" data-settings=\"{&quot;animation&quot;:&quot;slideInLeft&quot;}\">\n\t\t\t\t<div class=\"elementor-element elementor-element-73d441e1 elementor-widget elementor-widget-image\" data-id=\"73d441e1\" data-element_type=\"widget\" data-widget_type=\"image.default\">\n\t\t\t\t\t\t\t\t\t\t\t\t\t\t\t<img loading=\"lazy\" decoding=\"async\" width=\"1599\" height=\"1200\" src=\"https:\/\/lachoraletroubadours.fr\/wp-content\/uploads\/2025\/10\/cf64179d-e6f5-4d03-93c6-da91ed128109.jpeg\" class=\"elementor-animation-float attachment-full size-full wp-image-228\" alt=\"\" srcset=\"https:\/\/lachoraletroubadours.fr\/wp-content\/uploads\/2025\/10\/cf64179d-e6f5-4d03-93c6-da91ed128109.jpeg 1599w, https:\/\/lachoraletroubadours.fr\/wp-content\/uploads\/2025\/10\/cf64179d-e6f5-4d03-93c6-da91ed128109-300x225.jpeg 300w, https:\/\/lachoraletroubadours.fr\/wp-content\/uploads\/2025\/10\/cf64179d-e6f5-4d03-93c6-da91ed128109-1024x768.jpeg 1024w, https:\/\/lachoraletroubadours.fr\/wp-content\/uploads\/2025\/10\/cf64179d-e6f5-4d03-93c6-da91ed128109-768x576.jpeg 768w, https:\/\/lachoraletroubadours.fr\/wp-content\/uploads\/2025\/10\/cf64179d-e6f5-4d03-93c6-da91ed128109-1536x1153.jpeg 1536w\" sizes=\"100vw\" \/>\t\t\t\t\t\t\t\t\t\t\t\t\t\t\t<\/div>\n\t\t\t\t<div class=\"elementor-element elementor-element-332ba3c3 elementor-widget elementor-widget-heading\" data-id=\"332ba3c3\" data-element_type=\"widget\" data-widget_type=\"heading.default\">\n\t\t\t\t\t<h3 class=\"elementor-heading-title elementor-size-default\">Et des bons moments de partage !\n<\/h3>\t\t\t\t<\/div>\n\t\t\t\t<div class=\"elementor-element elementor-element-29942e65 elementor-widget elementor-widget-text-editor\" data-id=\"29942e65\" data-element_type=\"widget\" data-widget_type=\"text-editor.default\">\n\t\t\t\t\t\t\t\t\t<p>DATES DES FUTURS CONCERTS<\/p>\t\t\t\t\t\t\t\t<\/div>\n\t\t\t\t<div class=\"elementor-element elementor-element-2c78e1b elementor-align-center elementor-widget elementor-widget-button\" data-id=\"2c78e1b\" data-element_type=\"widget\" data-widget_type=\"button.default\">\n\t\t\t\t\t\t\t\t\t\t<a class=\"elementor-button elementor-button-link elementor-size-sm elementor-animation-float\" href=\"https:\/\/lachoraletroubadours.fr\/index.php\/agenda\/\">\n\t\t\t\t\t\t<span class=\"elementor-button-content-wrapper\">\n\t\t\t\t\t\t\t\t\t<span class=\"elementor-button-text\">AGENDA DES CONCERTS<\/span>\n\t\t\t\t\t<\/span>\n\t\t\t\t\t<\/a>\n\t\t\t\t\t\t\t\t<\/div>\n\t\t\t\t<\/div>\n\t\t\t\t<\/div>\n\t\t<div class=\"elementor-element elementor-element-13f499b4 e-con-full e-flex wpr-particle-no wpr-jarallax-no wpr-parallax-no wpr-sticky-section-no e-con e-parent\" data-id=\"13f499b4\" data-element_type=\"container\" data-settings=\"{&quot;background_background&quot;:&quot;classic&quot;}\">\n\t\t<div class=\"elementor-element elementor-element-7a0a4d4b e-con-full e-flex wpr-particle-no wpr-jarallax-no wpr-parallax-no wpr-sticky-section-no e-con e-child\" data-id=\"7a0a4d4b\" data-element_type=\"container\">\n\t\t\t\t<div class=\"elementor-element elementor-element-1990d4b5 animated-slow elementor-invisible elementor-widget elementor-widget-image\" data-id=\"1990d4b5\" data-element_type=\"widget\" data-settings=\"{&quot;_animation&quot;:&quot;slideInRight&quot;}\" data-widget_type=\"image.default\">\n\t\t\t\t\t\t\t\t\t\t\t\t\t\t\t<img loading=\"lazy\" decoding=\"async\" width=\"1599\" height=\"1200\" src=\"https:\/\/lachoraletroubadours.fr\/wp-content\/uploads\/2025\/10\/5978f949-a780-48d5-9959-e8b6ef11d67a.jpeg\" class=\"attachment-full size-full wp-image-234\" alt=\"\" srcset=\"https:\/\/lachoraletroubadours.fr\/wp-content\/uploads\/2025\/10\/5978f949-a780-48d5-9959-e8b6ef11d67a.jpeg 1599w, https:\/\/lachoraletroubadours.fr\/wp-content\/uploads\/2025\/10\/5978f949-a780-48d5-9959-e8b6ef11d67a-300x225.jpeg 300w, https:\/\/lachoraletroubadours.fr\/wp-content\/uploads\/2025\/10\/5978f949-a780-48d5-9959-e8b6ef11d67a-1024x768.jpeg 1024w, https:\/\/lachoraletroubadours.fr\/wp-content\/uploads\/2025\/10\/5978f949-a780-48d5-9959-e8b6ef11d67a-768x576.jpeg 768w, https:\/\/lachoraletroubadours.fr\/wp-content\/uploads\/2025\/10\/5978f949-a780-48d5-9959-e8b6ef11d67a-1536x1153.jpeg 1536w\" sizes=\"100vw\" \/>\t\t\t\t\t\t\t\t\t\t\t\t\t\t\t<\/div>\n\t\t\t\t<\/div>\n\t\t<div class=\"elementor-element elementor-element-4c62e2ff e-con-full e-flex wpr-particle-no wpr-jarallax-no wpr-parallax-no wpr-sticky-section-no e-con e-child\" data-id=\"4c62e2ff\" data-element_type=\"container\">\n\t\t\t\t<div class=\"elementor-element elementor-element-230d14e8 elementor-widget elementor-widget-heading\" data-id=\"230d14e8\" data-element_type=\"widget\" data-widget_type=\"heading.default\">\n\t\t\t\t\t<h2 class=\"elementor-heading-title elementor-size-default\">LA CHORALE TROUBADOURS<\/h2>\t\t\t\t<\/div>\n\t\t\t\t<div class=\"elementor-element elementor-element-523c7dc elementor-widget elementor-widget-text-editor\" data-id=\"523c7dc\" data-element_type=\"widget\" data-widget_type=\"text-editor.default\">\n\t\t\t\t\t\t\t\t\t<p>Cet ensemble vocal a pour objectif avant tout de se faire plaisir en chantant. Pratiqu\u00e9 dans la joie et la bonne humeur, le chant procure une grande d\u00e9tente en faisant notamment travailler tout le syst\u00e8me respiratoire. Il s\u2019agit de chanter ensemble des morceaux que l\u2019on aime, que l\u2019on conna\u00eet ou que l\u2019on d\u00e9couvre.<\/p><p>\u00a0<\/p>\t\t\t\t\t\t\t\t<\/div>\n\t\t\t\t<div class=\"elementor-element elementor-element-50d6a059 elementor-tablet-align-center elementor-widget elementor-widget-button\" data-id=\"50d6a059\" data-element_type=\"widget\" data-widget_type=\"button.default\">\n\t\t\t\t\t\t\t\t\t\t<a class=\"elementor-button elementor-button-link elementor-size-sm elementor-animation-float\" href=\"https:\/\/lachoraletroubadours.fr\/index.php\/connexion\/\">\n\t\t\t\t\t\t<span class=\"elementor-button-content-wrapper\">\n\t\t\t\t\t\t\t\t\t<span class=\"elementor-button-text\">ESPACE MEMBRES<\/span>\n\t\t\t\t\t<\/span>\n\t\t\t\t\t<\/a>\n\t\t\t\t\t\t\t\t<\/div>\n\t\t\t\t<\/div>\n\t\t\t\t<\/div>\n\t\t<div class=\"elementor-element elementor-element-3ccc9e7d e-con-full e-flex wpr-particle-no wpr-jarallax-no wpr-parallax-no wpr-sticky-section-no e-con e-parent\" data-id=\"3ccc9e7d\" data-element_type=\"container\" data-settings=\"{&quot;background_background&quot;:&quot;classic&quot;}\">\n\t\t<div class=\"elementor-element elementor-element-4087d8fa e-con-full e-flex wpr-particle-no wpr-jarallax-no wpr-parallax-no wpr-sticky-section-no elementor-invisible e-con e-child\" data-id=\"4087d8fa\" data-element_type=\"container\" data-settings=\"{&quot;animation&quot;:&quot;slideInUp&quot;}\">\n\t\t\t\t<div class=\"elementor-element elementor-element-4a3dab79 elementor-widget elementor-widget-icon-box\" data-id=\"4a3dab79\" data-element_type=\"widget\" data-widget_type=\"icon-box.default\">\n\t\t\t\t\t\t\t<div class=\"elementor-icon-box-wrapper\">\n\n\t\t\t\n\t\t\t\t\t\t<div class=\"elementor-icon-box-content\">\n\n\t\t\t\t\t\t\t\t\t<h4 class=\"elementor-icon-box-title\">\n\t\t\t\t\t\t<span  >\n\t\t\t\t\t\t\t100% Bonne humeur\t\t\t\t\t\t<\/span>\n\t\t\t\t\t<\/h4>\n\t\t\t\t\n\t\t\t\t\n\t\t\t<\/div>\n\t\t\t\n\t\t<\/div>\n\t\t\t\t\t\t<\/div>\n\t\t\t\t<\/div>\n\t\t<div class=\"elementor-element elementor-element-1b90e1a4 e-con-full e-flex wpr-particle-no wpr-jarallax-no wpr-parallax-no wpr-sticky-section-no elementor-invisible e-con e-child\" data-id=\"1b90e1a4\" data-element_type=\"container\" data-settings=\"{&quot;animation&quot;:&quot;slideInUp&quot;,&quot;animation_delay&quot;:100}\">\n\t\t\t\t<div class=\"elementor-element elementor-element-3e3e0a19 elementor-widget elementor-widget-icon-box\" data-id=\"3e3e0a19\" data-element_type=\"widget\" data-widget_type=\"icon-box.default\">\n\t\t\t\t\t\t\t<div class=\"elementor-icon-box-wrapper\">\n\n\t\t\t\n\t\t\t\t\t\t<div class=\"elementor-icon-box-content\">\n\n\t\t\t\t\t\t\t\t\t<h4 class=\"elementor-icon-box-title\">\n\t\t\t\t\t\t<span  >\n\t\t\t\t\t\t\tGaranti sans oGM\t\t\t\t\t\t<\/span>\n\t\t\t\t\t<\/h4>\n\t\t\t\t\n\t\t\t\t\n\t\t\t<\/div>\n\t\t\t\n\t\t<\/div>\n\t\t\t\t\t\t<\/div>\n\t\t\t\t<\/div>\n\t\t<div class=\"elementor-element elementor-element-5df0d8e e-con-full e-flex wpr-particle-no wpr-jarallax-no wpr-parallax-no wpr-sticky-section-no elementor-invisible e-con e-child\" data-id=\"5df0d8e\" data-element_type=\"container\" data-settings=\"{&quot;animation&quot;:&quot;slideInUp&quot;,&quot;animation_delay&quot;:200}\">\n\t\t\t\t<div class=\"elementor-element elementor-element-7eac8b65 elementor-widget elementor-widget-icon-box\" data-id=\"7eac8b65\" data-element_type=\"widget\" data-widget_type=\"icon-box.default\">\n\t\t\t\t\t\t\t<div class=\"elementor-icon-box-wrapper\">\n\n\t\t\t\n\t\t\t\t\t\t<div class=\"elementor-icon-box-content\">\n\n\t\t\t\t\t\t\t\t\t<h4 class=\"elementor-icon-box-title\">\n\t\t\t\t\t\t<span  >\n\t\t\t\t\t\t\t100% d'Oxyg\u00e8ne\t\t\t\t\t\t<\/span>\n\t\t\t\t\t<\/h4>\n\t\t\t\t\n\t\t\t\t\n\t\t\t<\/div>\n\t\t\t\n\t\t<\/div>\n\t\t\t\t\t\t<\/div>\n\t\t\t\t<\/div>\n\t\t<div class=\"elementor-element elementor-element-20b45744 e-con-full e-flex wpr-particle-no wpr-jarallax-no wpr-parallax-no wpr-sticky-section-no elementor-invisible e-con e-child\" data-id=\"20b45744\" data-element_type=\"container\" data-settings=\"{&quot;animation&quot;:&quot;slideInUp&quot;,&quot;animation_delay&quot;:300}\">\n\t\t\t\t<div class=\"elementor-element elementor-element-77a7c606 elementor-widget elementor-widget-icon-box\" data-id=\"77a7c606\" data-element_type=\"widget\" data-widget_type=\"icon-box.default\">\n\t\t\t\t\t\t\t<div class=\"elementor-icon-box-wrapper\">\n\n\t\t\t\n\t\t\t\t\t\t<div class=\"elementor-icon-box-content\">\n\n\t\t\t\t\t\t\t\t\t<h4 class=\"elementor-icon-box-title\">\n\t\t\t\t\t\t<span  >\n\t\t\t\t\t\t\tSans lactose\t\t\t\t\t\t<\/span>\n\t\t\t\t\t<\/h4>\n\t\t\t\t\n\t\t\t\t\n\t\t\t<\/div>\n\t\t\t\n\t\t<\/div>\n\t\t\t\t\t\t<\/div>\n\t\t\t\t<\/div>\n\t\t\t\t<\/div>\n\t\t\t\t<\/div>\n\t\t","protected":false},"excerpt":{"rendered":"<p>All-Natural &amp; Fresh Pressed Juices DISCOVER OUR MENU \u201cChanter est toujours un acte joyeux.\u201d (J. Higelin, 2007) &#8211; La chorale Troubadours &#8211; Musique QUELQUES VID\u00c9OS Notre chef de choeur est Marco Bourgeois, pianiste de formation classique&#8230; en savoir plus sur Marco, ici ou l\u00e0 ! Chants Vous trouverez tous les renseignements sur le site de l&#8217;association RENSEIGNEMENTS Et des bons moments de partage ! DATES DES FUTURS CONCERTS AGENDA DES CONCERTS LA CHORALE TROUBADOURS Cet ensemble vocal a pour objectif avant tout de se faire plaisir en chantant. Pratiqu\u00e9 dans la joie et la bonne humeur, le chant procure une grande d\u00e9tente en faisant notamment travailler tout le syst\u00e8me respiratoire. Il s\u2019agit de chanter ensemble des morceaux que l\u2019on aime, que l\u2019on conna\u00eet ou que l\u2019on d\u00e9couvre. \u00a0 ESPACE MEMBRES 100% Bonne humeur Garanti sans oGM 100% d&#8217;Oxyg\u00e8ne Sans lactose<\/p>\n","protected":false},"author":1,"featured_media":0,"parent":0,"menu_order":0,"comment_status":"closed","ping_status":"closed","template":"elementor_header_footer","meta":{"footnotes":""},"class_list":["post-204","page","type-page","status-publish","hentry"],"jetpack_sharing_enabled":true,"_links":{"self":[{"href":"https:\/\/lachoraletroubadours.fr\/index.php\/wp-json\/wp\/v2\/pages\/204","targetHints":{"allow":["GET"]}}],"collection":[{"href":"https:\/\/lachoraletroubadours.fr\/index.php\/wp-json\/wp\/v2\/pages"}],"about":[{"href":"https:\/\/lachoraletroubadours.fr\/index.php\/wp-json\/wp\/v2\/types\/page"}],"author":[{"embeddable":true,"href":"https:\/\/lachoraletroubadours.fr\/index.php\/wp-json\/wp\/v2\/users\/1"}],"replies":[{"embeddable":true,"href":"https:\/\/lachoraletroubadours.fr\/index.php\/wp-json\/wp\/v2\/comments?post=204"}],"version-history":[{"count":58,"href":"https:\/\/lachoraletroubadours.fr\/index.php\/wp-json\/wp\/v2\/pages\/204\/revisions"}],"predecessor-version":[{"id":498,"href":"https:\/\/lachoraletroubadours.fr\/index.php\/wp-json\/wp\/v2\/pages\/204\/revisions\/498"}],"wp:attachment":[{"href":"https:\/\/lachoraletroubadours.fr\/index.php\/wp-json\/wp\/v2\/media?parent=204"}],"curies":[{"name":"wp","href":"https:\/\/api.w.org\/{rel}","templated":true}]}}